{"id":1924,"date":"2022-09-09T09:58:58","date_gmt":"2022-09-09T07:58:58","guid":{"rendered":"https:\/\/waltherwp.kunden.loewenstark.de\/home\/"},"modified":"2025-12-23T14:13:07","modified_gmt":"2025-12-23T13:13:07","slug":"a-sua-ligacao-segura","status":"publish","type":"page","link":"https:\/\/www.walther-praezision.de\/pt-pt\/","title":{"rendered":"Home"},"content":{"rendered":"","protected":false},"excerpt":{"rendered":"","protected":false},"author":1,"featured_media":2016,"parent":0,"menu_order":-9,"comment_status":"closed","ping_status":"closed","template":"templates\/tpl-home.php","meta":{"_acf_changed":false,"inline_featured_image":false,"footnotes":""},"class_list":["post-1924","page","type-page","status-publish","has-post-thumbnail","hentry","entry"],"acf":[],"yoast_head":"<!-- This site is optimized with the Yoast SEO plugin v27.3 - https:\/\/yoast.com\/product\/yoast-seo-wordpress\/ -->\n<title>Home A sua liga\u00e7\u00e3o segura - WALTHER-PR\u00c4ZISION<\/title>\n<meta name=\"description\" content=\"A sua liga\u00e7\u00e3o segura. O acoplamento certo para cada aplica\u00e7\u00e3o. Mais de 500.000 variantes. Made in Germany.\" \/>\n<meta name=\"robots\" content=\"index, follow, max-snippet:-1, max-image-preview:large, max-video-preview:-1\" \/>\n<link rel=\"canonical\" href=\"https:\/\/www.walther-praezision.de\/pt-pt\/\" \/>\n<meta property=\"og:locale\" content=\"pt_PT\" \/>\n<meta property=\"og:type\" content=\"article\" \/>\n<meta property=\"og:title\" content=\"Home A sua liga\u00e7\u00e3o segura - WALTHER-PR\u00c4ZISION\" \/>\n<meta property=\"og:description\" content=\"A sua liga\u00e7\u00e3o segura. O acoplamento certo para cada aplica\u00e7\u00e3o. Mais de 500.000 variantes. Made in Germany.\" \/>\n<meta property=\"og:url\" content=\"https:\/\/www.walther-praezision.de\/pt-pt\/\" \/>\n<meta property=\"og:site_name\" content=\"Walther-Pr\u00e4zision\" \/>\n<meta property=\"article:publisher\" content=\"https:\/\/www.facebook.com\/WalCoDo\/\" \/>\n<meta property=\"article:modified_time\" content=\"2025-12-23T13:13:07+00:00\" \/>\n<meta name=\"twitter:card\" content=\"summary_large_image\" \/>\n<script type=\"application\/ld+json\" class=\"yoast-schema-graph\">{\"@context\":\"https:\\\/\\\/schema.org\",\"@graph\":[{\"@type\":\"WebPage\",\"@id\":\"https:\\\/\\\/www.walther-praezision.de\\\/pt-pt\\\/\",\"url\":\"https:\\\/\\\/www.walther-praezision.de\\\/pt-pt\\\/\",\"name\":\"Home A sua liga\u00e7\u00e3o segura - WALTHER-PR\u00c4ZISION\",\"isPartOf\":{\"@id\":\"https:\\\/\\\/www.walther-praezision.de\\\/#website\"},\"primaryImageOfPage\":{\"@id\":\"https:\\\/\\\/www.walther-praezision.de\\\/pt-pt\\\/#primaryimage\"},\"image\":{\"@id\":\"https:\\\/\\\/www.walther-praezision.de\\\/pt-pt\\\/#primaryimage\"},\"thumbnailUrl\":\"https:\\\/\\\/www.walther-praezision.de\\\/wp-content\\\/uploads\\\/2022\\\/09\\\/LP-012_web.jpg\",\"datePublished\":\"2022-09-09T07:58:58+00:00\",\"dateModified\":\"2025-12-23T13:13:07+00:00\",\"description\":\"A sua liga\u00e7\u00e3o segura. O acoplamento certo para cada aplica\u00e7\u00e3o. Mais de 500.000 variantes. Made in Germany.\",\"breadcrumb\":{\"@id\":\"https:\\\/\\\/www.walther-praezision.de\\\/pt-pt\\\/#breadcrumb\"},\"inLanguage\":\"pt-PT\",\"potentialAction\":[{\"@type\":\"ReadAction\",\"target\":[\"https:\\\/\\\/www.walther-praezision.de\\\/pt-pt\\\/\"]}]},{\"@type\":\"ImageObject\",\"inLanguage\":\"pt-PT\",\"@id\":\"https:\\\/\\\/www.walther-praezision.de\\\/pt-pt\\\/#primaryimage\",\"url\":\"https:\\\/\\\/www.walther-praezision.de\\\/wp-content\\\/uploads\\\/2022\\\/09\\\/LP-012_web.jpg\",\"contentUrl\":\"https:\\\/\\\/www.walther-praezision.de\\\/wp-content\\\/uploads\\\/2022\\\/09\\\/LP-012_web.jpg\",\"width\":500,\"height\":400,\"caption\":\"Schnellkupplung\"},{\"@type\":\"BreadcrumbList\",\"@id\":\"https:\\\/\\\/www.walther-praezision.de\\\/pt-pt\\\/#breadcrumb\",\"itemListElement\":[{\"@type\":\"ListItem\",\"position\":1,\"name\":\"Startseite\",\"item\":\"https:\\\/\\\/www.walther-praezision.de\\\/pt-pt\\\/\"},{\"@type\":\"ListItem\",\"position\":2,\"name\":\"Home\"}]},{\"@type\":\"WebSite\",\"@id\":\"https:\\\/\\\/www.walther-praezision.de\\\/#website\",\"url\":\"https:\\\/\\\/www.walther-praezision.de\\\/\",\"name\":\"WALTHER-PR\u00c4ZISION\",\"description\":\"\",\"publisher\":{\"@id\":\"https:\\\/\\\/www.walther-praezision.de\\\/#organization\"},\"potentialAction\":[{\"@type\":\"SearchAction\",\"target\":{\"@type\":\"EntryPoint\",\"urlTemplate\":\"https:\\\/\\\/www.walther-praezision.de\\\/?s={search_term_string}\"},\"query-input\":{\"@type\":\"PropertyValueSpecification\",\"valueRequired\":true,\"valueName\":\"search_term_string\"}}],\"inLanguage\":\"pt-PT\"},{\"@type\":\"Organization\",\"@id\":\"https:\\\/\\\/www.walther-praezision.de\\\/#organization\",\"name\":\"WALTHER-PR\u00c4ZISION\",\"url\":\"https:\\\/\\\/www.walther-praezision.de\\\/\",\"logo\":{\"@type\":\"ImageObject\",\"inLanguage\":\"pt-PT\",\"@id\":\"https:\\\/\\\/www.walther-praezision.de\\\/#\\\/schema\\\/logo\\\/image\\\/\",\"url\":\"https:\\\/\\\/www.walther-praezision.de\\\/wp-content\\\/uploads\\\/2022\\\/09\\\/Site-logo.svg\",\"contentUrl\":\"https:\\\/\\\/www.walther-praezision.de\\\/wp-content\\\/uploads\\\/2022\\\/09\\\/Site-logo.svg\",\"width\":135,\"height\":80,\"caption\":\"WALTHER-PR\u00c4ZISION\"},\"image\":{\"@id\":\"https:\\\/\\\/www.walther-praezision.de\\\/#\\\/schema\\\/logo\\\/image\\\/\"},\"sameAs\":[\"https:\\\/\\\/www.facebook.com\\\/WalCoDo\\\/\",\"https:\\\/\\\/www.linkedin.com\\\/company\\\/waltherpraezision\\\/mycompany\\\/\",\"https:\\\/\\\/www.xing.com\\\/pages\\\/waltherprazision\",\"https:\\\/\\\/www.youtube.com\\\/channel\\\/UC7PHedLQBogCPNDwd4k0Xnw\\\/videos\"]}]}<\/script>\n<!-- \/ Yoast SEO plugin. -->","yoast_head_json":{"title":"Home A sua liga\u00e7\u00e3o segura - WALTHER-PR\u00c4ZISION","description":"A sua liga\u00e7\u00e3o segura. O acoplamento certo para cada aplica\u00e7\u00e3o. Mais de 500.000 variantes. Made in Germany.","robots":{"index":"index","follow":"follow","max-snippet":"max-snippet:-1","max-image-preview":"max-image-preview:large","max-video-preview":"max-video-preview:-1"},"canonical":"https:\/\/www.walther-praezision.de\/pt-pt\/","og_locale":"pt_PT","og_type":"article","og_title":"Home A sua liga\u00e7\u00e3o segura - WALTHER-PR\u00c4ZISION","og_description":"A sua liga\u00e7\u00e3o segura. O acoplamento certo para cada aplica\u00e7\u00e3o. Mais de 500.000 variantes. Made in Germany.","og_url":"https:\/\/www.walther-praezision.de\/pt-pt\/","og_site_name":"Walther-Pr\u00e4zision","article_publisher":"https:\/\/www.facebook.com\/WalCoDo\/","article_modified_time":"2025-12-23T13:13:07+00:00","twitter_card":"summary_large_image","schema":{"@context":"https:\/\/schema.org","@graph":[{"@type":"WebPage","@id":"https:\/\/www.walther-praezision.de\/pt-pt\/","url":"https:\/\/www.walther-praezision.de\/pt-pt\/","name":"Home A sua liga\u00e7\u00e3o segura - WALTHER-PR\u00c4ZISION","isPartOf":{"@id":"https:\/\/www.walther-praezision.de\/#website"},"primaryImageOfPage":{"@id":"https:\/\/www.walther-praezision.de\/pt-pt\/#primaryimage"},"image":{"@id":"https:\/\/www.walther-praezision.de\/pt-pt\/#primaryimage"},"thumbnailUrl":"https:\/\/www.walther-praezision.de\/wp-content\/uploads\/2022\/09\/LP-012_web.jpg","datePublished":"2022-09-09T07:58:58+00:00","dateModified":"2025-12-23T13:13:07+00:00","description":"A sua liga\u00e7\u00e3o segura. O acoplamento certo para cada aplica\u00e7\u00e3o. Mais de 500.000 variantes. Made in Germany.","breadcrumb":{"@id":"https:\/\/www.walther-praezision.de\/pt-pt\/#breadcrumb"},"inLanguage":"pt-PT","potentialAction":[{"@type":"ReadAction","target":["https:\/\/www.walther-praezision.de\/pt-pt\/"]}]},{"@type":"ImageObject","inLanguage":"pt-PT","@id":"https:\/\/www.walther-praezision.de\/pt-pt\/#primaryimage","url":"https:\/\/www.walther-praezision.de\/wp-content\/uploads\/2022\/09\/LP-012_web.jpg","contentUrl":"https:\/\/www.walther-praezision.de\/wp-content\/uploads\/2022\/09\/LP-012_web.jpg","width":500,"height":400,"caption":"Schnellkupplung"},{"@type":"BreadcrumbList","@id":"https:\/\/www.walther-praezision.de\/pt-pt\/#breadcrumb","itemListElement":[{"@type":"ListItem","position":1,"name":"Startseite","item":"https:\/\/www.walther-praezision.de\/pt-pt\/"},{"@type":"ListItem","position":2,"name":"Home"}]},{"@type":"WebSite","@id":"https:\/\/www.walther-praezision.de\/#website","url":"https:\/\/www.walther-praezision.de\/","name":"WALTHER-PR\u00c4ZISION","description":"","publisher":{"@id":"https:\/\/www.walther-praezision.de\/#organization"},"potentialAction":[{"@type":"SearchAction","target":{"@type":"EntryPoint","urlTemplate":"https:\/\/www.walther-praezision.de\/?s={search_term_string}"},"query-input":{"@type":"PropertyValueSpecification","valueRequired":true,"valueName":"search_term_string"}}],"inLanguage":"pt-PT"},{"@type":"Organization","@id":"https:\/\/www.walther-praezision.de\/#organization","name":"WALTHER-PR\u00c4ZISION","url":"https:\/\/www.walther-praezision.de\/","logo":{"@type":"ImageObject","inLanguage":"pt-PT","@id":"https:\/\/www.walther-praezision.de\/#\/schema\/logo\/image\/","url":"https:\/\/www.walther-praezision.de\/wp-content\/uploads\/2022\/09\/Site-logo.svg","contentUrl":"https:\/\/www.walther-praezision.de\/wp-content\/uploads\/2022\/09\/Site-logo.svg","width":135,"height":80,"caption":"WALTHER-PR\u00c4ZISION"},"image":{"@id":"https:\/\/www.walther-praezision.de\/#\/schema\/logo\/image\/"},"sameAs":["https:\/\/www.facebook.com\/WalCoDo\/","https:\/\/www.linkedin.com\/company\/waltherpraezision\/mycompany\/","https:\/\/www.xing.com\/pages\/waltherprazision","https:\/\/www.youtube.com\/channel\/UC7PHedLQBogCPNDwd4k0Xnw\/videos"]}]}},"_links":{"self":[{"href":"https:\/\/www.walther-praezision.de\/pt-pt\/wp-json\/wp\/v2\/pages\/1924","targetHints":{"allow":["GET"]}}],"collection":[{"href":"https:\/\/www.walther-praezision.de\/pt-pt\/wp-json\/wp\/v2\/pages"}],"about":[{"href":"https:\/\/www.walther-praezision.de\/pt-pt\/wp-json\/wp\/v2\/types\/page"}],"author":[{"embeddable":true,"href":"https:\/\/www.walther-praezision.de\/pt-pt\/wp-json\/wp\/v2\/users\/1"}],"replies":[{"embeddable":true,"href":"https:\/\/www.walther-praezision.de\/pt-pt\/wp-json\/wp\/v2\/comments?post=1924"}],"version-history":[{"count":53,"href":"https:\/\/www.walther-praezision.de\/pt-pt\/wp-json\/wp\/v2\/pages\/1924\/revisions"}],"predecessor-version":[{"id":13871,"href":"https:\/\/www.walther-praezision.de\/pt-pt\/wp-json\/wp\/v2\/pages\/1924\/revisions\/13871"}],"wp:featuredmedia":[{"embeddable":true,"href":"https:\/\/www.walther-praezision.de\/pt-pt\/wp-json\/wp\/v2\/media\/2016"}],"wp:attachment":[{"href":"https:\/\/www.walther-praezision.de\/pt-pt\/wp-json\/wp\/v2\/media?parent=1924"}],"curies":[{"name":"wp","href":"https:\/\/api.w.org\/{rel}","templated":true}]}}