{"id":2562,"date":"2022-09-26T20:05:31","date_gmt":"2022-09-26T18:05:31","guid":{"rendered":"https:\/\/waltherwp.kunden.loewenstark.de\/impressum\/"},"modified":"2025-05-21T08:31:00","modified_gmt":"2025-05-21T06:31:00","slug":"imprint","status":"publish","type":"page","link":"https:\/\/www.walther-praezision.de\/en\/imprint\/","title":{"rendered":"Imprint"},"content":{"rendered":"\r\n<div class=\"wp-block-columns is-layout-flex wp-container-core-columns-is-layout-19cb3dc4 wp-block-columns-is-layout-flex\" style=\"padding-top: 30px;\">\r\n<div class=\"wp-block-column is-layout-flow wp-block-column-is-layout-flow\">\r\n<p><strong>WALTHER-PR\u00c4ZISION<\/strong><br \/>Carl Kurt Walther GmbH &amp; Co. KG<br \/>Westfalenstra\u00dfe 2<br \/>42781 Haan<br \/>Deutschland<\/p>\r\n<\/div>\r\n<\/div>\r\n\r\n\r\n\r\n<div class=\"wp-block-columns is-layout-flex wp-container-core-columns-is-layout-9d6595d7 wp-block-columns-is-layout-flex\">\r\n<div class=\"wp-block-column is-layout-flow wp-block-column-is-layout-flow\" style=\"padding-top: 0px;\">\r\n<p>T +49 (0)2129 \/ 567-0<br \/>F +49 (0)2129 \/ 567-4500<br \/>E info(@)walther-praezision(dot)de<\/p>\r\n<p>&nbsp;<\/p>\r\n<\/div>\r\n<\/div>\r\n\r\n\r\n\r\n<div class=\"wp-block-columns is-layout-flex wp-container-core-columns-is-layout-9d6595d7 wp-block-columns-is-layout-flex\">\r\n<div class=\"wp-block-column is-layout-flow wp-block-column-is-layout-flow\">\r\n<p>Registered office of the limited partnership: Haan <br \/>Registry court Wuppertal HRA 19141<\/p>\r\n\r\n\r\n\r\n<p>Managing director: Henning D. Walther, Richard H. Walther <br \/>VAT Identification number: DE 121105414 <br \/><br \/>Personally-liable shareholder: Walther Industrie-Verwaltung GmbH, Sitz Haan <br \/>Registergericht: Wuppertal HRB 13982<\/p>\r\n\r\n\r\n\r\n<p>Editorial responsibility: WALTHER-PR\u00c4ZISION<\/p>\r\n\r\n\r\n\r\n<p>&nbsp;<\/p>\r\n<p><a href=\"\/en\/datenschutzerklaerung\/\" data-type=\"URL\" data-id=\"\/datenschutz\">Data Privacy<\/a><\/p>\r\n\r\n\r\n\r\n<p>&nbsp;<\/p>\r\n<p class=\"has-text-color\"><a style=\"color: #ff0000;\" href=\"https:\/\/www.walther-praezision.de\/en\/rechtliche-hinweise\/\">Legal advice e-mails<\/a><\/p>\r\n<\/div>\r\n<\/div>\r\n\r\n\r\n\r\n<div class=\"wp-block-columns is-layout-flex wp-container-core-columns-is-layout-9d6595d7 wp-block-columns-is-layout-flex\">\r\n<div class=\"wp-block-column is-layout-flow wp-block-column-is-layout-flow\">\r\n<p>&nbsp;<\/p>\r\n<p class=\"has-extra-large-font-size\"><strong>Terms of Use &amp; Disclaimer<\/strong><\/p>\r\n<\/div>\r\n<\/div>\r\n\r\n\r\n\r\n<div class=\"wp-block-columns is-layout-flex wp-container-core-columns-is-layout-9d6595d7 wp-block-columns-is-layout-flex\">\r\n<div class=\"wp-block-column is-layout-flow wp-block-column-is-layout-flow\">\r\n<p>This website is the subject of the following Terms of Use, which are binding in the relationship between you (hereinafter: &#8220;User&#8221;) and us (hereinafter referred to as &#8220;Service Provider&#8221;) when you access this website. Any special conditions for individual uses of this website deviating from the following Terms of Use will be expressly stated on the website. In addition, the special conditions of use apply in each individual case.<\/p>\r\n<\/div>\r\n<\/div>\r\n\r\n\r\n\r\n<div class=\"wp-block-columns is-layout-flex wp-container-core-columns-is-layout-9d6595d7 wp-block-columns-is-layout-flex\">\r\n<div class=\"wp-block-column is-layout-flow wp-block-column-is-layout-flow\">\r\n<p><strong>1. Copyrights <\/strong><br \/>This website contains data and information of all kinds which are protected by trademark and\/or copyright law in favor of the service provider or in individual cases in favor of third parties. It is therefore not permitted to download, reproduce and distribute the website in whole or in part, except for the technical reproduction for the purpose of browsing, insofar as this action is not for economic purposes, and the permanent duplication for its own use. It is further permitted to put a link on this website, as long as it serves only as a cross reference. The Service Provider reserves the right to revoke the permission. The framing of this website is not permitted.<\/p>\r\n<\/div>\r\n<\/div>\r\n\r\n\r\n\r\n<div class=\"wp-block-columns is-layout-flex wp-container-core-columns-is-layout-9d6595d7 wp-block-columns-is-layout-flex\">\r\n<div class=\"wp-block-column is-layout-flow wp-block-column-is-layout-flow\">\r\n<p><strong>2. Content liability <\/strong><br \/>The Service Provider assumes liability for the content of its website in accordance with statutory provisions. Although the information has been compiled to the best of our knowledge, no guarantee is given for the accuracy, completeness and timeliness of the information on the website. The Service Provider also reserves the right to make any changes or additions to the information provided without prior notice.<\/p>\r\n\r\n\r\n\r\n<p>The information retrievable on these online pages does not replace individual advice, but merely serves as general information. The Service Provider is not liable for any direct or indirect damages, including loss of profit, arising out of or in any other manner in connection with information provided on this website.<\/p>\r\n\r\n\r\n\r\n<p>References and links to third party websites do not imply that the Service Provider accepts the content behind the referral or link. The contents do not constitute responsibility of the Service Provider for the data and information held there. The Service Provider has no influence on the content behind the link. Therefore, the Service Provider is not liable for unlawful, incorrect or incomplete contents and for damages caused by the use of content located behind the link.<\/p>\r\n<\/div>\r\n<\/div>\r\n\r\n\r\n\r\n<div class=\"wp-block-columns is-layout-flex wp-container-core-columns-is-layout-9d6595d7 wp-block-columns-is-layout-flex\">\r\n<div class=\"wp-block-column is-layout-flow wp-block-column-is-layout-flow\">\r\n<p><strong>3. Disturbances to services <\/strong><br \/>The use of the Internet is at the user&#8217;s own risk. Above all, the service provider is not liable for the technical failure of the Internet or any online access.<\/p>\r\n<\/div>\r\n<\/div>\r\n\r\n\r\n\r\n<div class=\"wp-block-columns is-layout-flex wp-container-core-columns-is-layout-9d6595d7 wp-block-columns-is-layout-flex\">\r\n<div class=\"wp-block-column is-layout-flow wp-block-column-is-layout-flow\">\r\n<p><strong>4. Legal venue <\/strong><br \/>The place of jurisdiction is, if the contracting party is a merchant, a legal entity under public law or a public-law special fund, at the registered office of the Service Provider. German law applies to the exclusion of the UN purchase law.<\/p>\r\n<\/div>\r\n<\/div>\r\n\r\n\r\n\r\n<div class=\"wp-block-columns is-layout-flex wp-container-core-columns-is-layout-9d6595d7 wp-block-columns-is-layout-flex\">\r\n<div class=\"wp-block-column is-layout-flow wp-block-column-is-layout-flow\">\r\n<p><strong>5. Miscellaneous <\/strong><br \/>The Service Provider reserves the right to modify these Terms of Use from time to time and to adapt them to technical and legal developments.<\/p>\r\n<\/div>\r\n<\/div>\r\n\r\n\r\n\r\n<div class=\"wp-block-columns is-layout-flex wp-container-core-columns-is-layout-9d6595d7 wp-block-columns-is-layout-flex\">\r\n<div class=\"wp-block-column is-layout-flow wp-block-column-is-layout-flow\">\r\n<p><strong>6. Picture credits<\/strong><br \/>Walther site photos<br \/>Siemens Medical Solutions<br \/>MWD-Konzept<br \/>BMW AG<\/p>\r\n<\/div>\r\n<\/div>\r\n","protected":false},"excerpt":{"rendered":"<p>WALTHER-PR\u00c4ZISIONCarl Kurt Walther GmbH &amp; Co. KGWestfalenstra\u00dfe 242781 HaanDeutschland T +49 (0)2129 \/ 567-0F +49 (0)2129 \/ 567-4500E info(@)walther-praezision(dot)de &nbsp; Registered office of the limited partnership: Haan Registry court Wuppertal HRA 19141 Managing director: Henning D. Walther, Richard H. Walther VAT Identification number: DE 121105414 Personally-liable shareholder: Walther Industrie-Verwaltung GmbH, Sitz Haan Registergericht: Wuppertal HRB&hellip; <a class=\"more-link\" href=\"https:\/\/www.walther-praezision.de\/en\/imprint\/\">Continue reading <span class=\"screen-reader-text\">Imprint<\/span><\/a><\/p>\n","protected":false},"author":3,"featured_media":0,"parent":0,"menu_order":0,"comment_status":"closed","ping_status":"closed","template":"","meta":{"_acf_changed":false,"inline_featured_image":false,"footnotes":""},"class_list":["post-2562","page","type-page","status-publish","hentry","entry"],"acf":[],"yoast_head":"<!-- This site is optimized with the Yoast SEO plugin v27.3 - https:\/\/yoast.com\/product\/yoast-seo-wordpress\/ -->\n<title>Imprint - Walther-Pr\u00e4zision<\/title>\n<meta name=\"robots\" content=\"index, follow, max-snippet:-1, max-image-preview:large, max-video-preview:-1\" \/>\n<link rel=\"canonical\" href=\"https:\/\/www.walther-praezision.de\/en\/imprint\/\" \/>\n<meta property=\"og:locale\" content=\"en_US\" \/>\n<meta property=\"og:type\" content=\"article\" \/>\n<meta property=\"og:title\" content=\"Imprint - Walther-Pr\u00e4zision\" \/>\n<meta property=\"og:description\" content=\"WALTHER-PR\u00c4ZISIONCarl Kurt Walther GmbH &amp; Co. KGWestfalenstra\u00dfe 242781 HaanDeutschland T +49 (0)2129 \/ 567-0F +49 (0)2129 \/ 567-4500E info(@)walther-praezision(dot)de &nbsp; Registered office of the limited partnership: Haan Registry court Wuppertal HRA 19141 Managing director: Henning D. Walther, Richard H. Walther VAT Identification number: DE 121105414 Personally-liable shareholder: Walther Industrie-Verwaltung GmbH, Sitz Haan Registergericht: Wuppertal HRB&hellip; Continue reading Imprint\" \/>\n<meta property=\"og:url\" content=\"https:\/\/www.walther-praezision.de\/en\/imprint\/\" \/>\n<meta property=\"og:site_name\" content=\"Walther-Pr\u00e4zision\" \/>\n<meta property=\"article:publisher\" content=\"https:\/\/www.facebook.com\/WalCoDo\/\" \/>\n<meta property=\"article:modified_time\" content=\"2025-05-21T06:31:00+00:00\" \/>\n<meta name=\"twitter:card\" content=\"summary_large_image\" \/>\n<meta name=\"twitter:label1\" content=\"Est. reading time\" \/>\n\t<meta name=\"twitter:data1\" content=\"4 minutes\" \/>\n<script type=\"application\/ld+json\" class=\"yoast-schema-graph\">{\"@context\":\"https:\\\/\\\/schema.org\",\"@graph\":[{\"@type\":\"WebPage\",\"@id\":\"https:\\\/\\\/www.walther-praezision.de\\\/en\\\/imprint\\\/\",\"url\":\"https:\\\/\\\/www.walther-praezision.de\\\/en\\\/imprint\\\/\",\"name\":\"Imprint - Walther-Pr\u00e4zision\",\"isPartOf\":{\"@id\":\"https:\\\/\\\/www.walther-praezision.de\\\/#website\"},\"datePublished\":\"2022-09-26T18:05:31+00:00\",\"dateModified\":\"2025-05-21T06:31:00+00:00\",\"breadcrumb\":{\"@id\":\"https:\\\/\\\/www.walther-praezision.de\\\/en\\\/imprint\\\/#breadcrumb\"},\"inLanguage\":\"en-EN\",\"potentialAction\":[{\"@type\":\"ReadAction\",\"target\":[\"https:\\\/\\\/www.walther-praezision.de\\\/en\\\/imprint\\\/\"]}]},{\"@type\":\"BreadcrumbList\",\"@id\":\"https:\\\/\\\/www.walther-praezision.de\\\/en\\\/imprint\\\/#breadcrumb\",\"itemListElement\":[{\"@type\":\"ListItem\",\"position\":1,\"name\":\"Startseite\",\"item\":\"https:\\\/\\\/www.walther-praezision.de\\\/en\\\/\"},{\"@type\":\"ListItem\",\"position\":2,\"name\":\"Imprint\"}]},{\"@type\":\"WebSite\",\"@id\":\"https:\\\/\\\/www.walther-praezision.de\\\/#website\",\"url\":\"https:\\\/\\\/www.walther-praezision.de\\\/\",\"name\":\"WALTHER-PR\u00c4ZISION\",\"description\":\"\",\"publisher\":{\"@id\":\"https:\\\/\\\/www.walther-praezision.de\\\/#organization\"},\"potentialAction\":[{\"@type\":\"SearchAction\",\"target\":{\"@type\":\"EntryPoint\",\"urlTemplate\":\"https:\\\/\\\/www.walther-praezision.de\\\/?s={search_term_string}\"},\"query-input\":{\"@type\":\"PropertyValueSpecification\",\"valueRequired\":true,\"valueName\":\"search_term_string\"}}],\"inLanguage\":\"en-EN\"},{\"@type\":\"Organization\",\"@id\":\"https:\\\/\\\/www.walther-praezision.de\\\/#organization\",\"name\":\"WALTHER-PR\u00c4ZISION\",\"url\":\"https:\\\/\\\/www.walther-praezision.de\\\/\",\"logo\":{\"@type\":\"ImageObject\",\"inLanguage\":\"en-EN\",\"@id\":\"https:\\\/\\\/www.walther-praezision.de\\\/#\\\/schema\\\/logo\\\/image\\\/\",\"url\":\"https:\\\/\\\/www.walther-praezision.de\\\/wp-content\\\/uploads\\\/2022\\\/09\\\/Site-logo.svg\",\"contentUrl\":\"https:\\\/\\\/www.walther-praezision.de\\\/wp-content\\\/uploads\\\/2022\\\/09\\\/Site-logo.svg\",\"width\":135,\"height\":80,\"caption\":\"WALTHER-PR\u00c4ZISION\"},\"image\":{\"@id\":\"https:\\\/\\\/www.walther-praezision.de\\\/#\\\/schema\\\/logo\\\/image\\\/\"},\"sameAs\":[\"https:\\\/\\\/www.facebook.com\\\/WalCoDo\\\/\",\"https:\\\/\\\/www.linkedin.com\\\/company\\\/waltherpraezision\\\/mycompany\\\/\",\"https:\\\/\\\/www.xing.com\\\/pages\\\/waltherprazision\",\"https:\\\/\\\/www.youtube.com\\\/channel\\\/UC7PHedLQBogCPNDwd4k0Xnw\\\/videos\"]}]}<\/script>\n<!-- \/ Yoast SEO plugin. -->","yoast_head_json":{"title":"Imprint - Walther-Pr\u00e4zision","robots":{"index":"index","follow":"follow","max-snippet":"max-snippet:-1","max-image-preview":"max-image-preview:large","max-video-preview":"max-video-preview:-1"},"canonical":"https:\/\/www.walther-praezision.de\/en\/imprint\/","og_locale":"en_US","og_type":"article","og_title":"Imprint - Walther-Pr\u00e4zision","og_description":"WALTHER-PR\u00c4ZISIONCarl Kurt Walther GmbH &amp; Co. KGWestfalenstra\u00dfe 242781 HaanDeutschland T +49 (0)2129 \/ 567-0F +49 (0)2129 \/ 567-4500E info(@)walther-praezision(dot)de &nbsp; Registered office of the limited partnership: Haan Registry court Wuppertal HRA 19141 Managing director: Henning D. Walther, Richard H. Walther VAT Identification number: DE 121105414 Personally-liable shareholder: Walther Industrie-Verwaltung GmbH, Sitz Haan Registergericht: Wuppertal HRB&hellip; Continue reading Imprint","og_url":"https:\/\/www.walther-praezision.de\/en\/imprint\/","og_site_name":"Walther-Pr\u00e4zision","article_publisher":"https:\/\/www.facebook.com\/WalCoDo\/","article_modified_time":"2025-05-21T06:31:00+00:00","twitter_card":"summary_large_image","twitter_misc":{"Est. reading time":"4 minutes"},"schema":{"@context":"https:\/\/schema.org","@graph":[{"@type":"WebPage","@id":"https:\/\/www.walther-praezision.de\/en\/imprint\/","url":"https:\/\/www.walther-praezision.de\/en\/imprint\/","name":"Imprint - Walther-Pr\u00e4zision","isPartOf":{"@id":"https:\/\/www.walther-praezision.de\/#website"},"datePublished":"2022-09-26T18:05:31+00:00","dateModified":"2025-05-21T06:31:00+00:00","breadcrumb":{"@id":"https:\/\/www.walther-praezision.de\/en\/imprint\/#breadcrumb"},"inLanguage":"en-EN","potentialAction":[{"@type":"ReadAction","target":["https:\/\/www.walther-praezision.de\/en\/imprint\/"]}]},{"@type":"BreadcrumbList","@id":"https:\/\/www.walther-praezision.de\/en\/imprint\/#breadcrumb","itemListElement":[{"@type":"ListItem","position":1,"name":"Startseite","item":"https:\/\/www.walther-praezision.de\/en\/"},{"@type":"ListItem","position":2,"name":"Imprint"}]},{"@type":"WebSite","@id":"https:\/\/www.walther-praezision.de\/#website","url":"https:\/\/www.walther-praezision.de\/","name":"WALTHER-PR\u00c4ZISION","description":"","publisher":{"@id":"https:\/\/www.walther-praezision.de\/#organization"},"potentialAction":[{"@type":"SearchAction","target":{"@type":"EntryPoint","urlTemplate":"https:\/\/www.walther-praezision.de\/?s={search_term_string}"},"query-input":{"@type":"PropertyValueSpecification","valueRequired":true,"valueName":"search_term_string"}}],"inLanguage":"en-EN"},{"@type":"Organization","@id":"https:\/\/www.walther-praezision.de\/#organization","name":"WALTHER-PR\u00c4ZISION","url":"https:\/\/www.walther-praezision.de\/","logo":{"@type":"ImageObject","inLanguage":"en-EN","@id":"https:\/\/www.walther-praezision.de\/#\/schema\/logo\/image\/","url":"https:\/\/www.walther-praezision.de\/wp-content\/uploads\/2022\/09\/Site-logo.svg","contentUrl":"https:\/\/www.walther-praezision.de\/wp-content\/uploads\/2022\/09\/Site-logo.svg","width":135,"height":80,"caption":"WALTHER-PR\u00c4ZISION"},"image":{"@id":"https:\/\/www.walther-praezision.de\/#\/schema\/logo\/image\/"},"sameAs":["https:\/\/www.facebook.com\/WalCoDo\/","https:\/\/www.linkedin.com\/company\/waltherpraezision\/mycompany\/","https:\/\/www.xing.com\/pages\/waltherprazision","https:\/\/www.youtube.com\/channel\/UC7PHedLQBogCPNDwd4k0Xnw\/videos"]}]}},"_links":{"self":[{"href":"https:\/\/www.walther-praezision.de\/en\/wp-json\/wp\/v2\/pages\/2562","targetHints":{"allow":["GET"]}}],"collection":[{"href":"https:\/\/www.walther-praezision.de\/en\/wp-json\/wp\/v2\/pages"}],"about":[{"href":"https:\/\/www.walther-praezision.de\/en\/wp-json\/wp\/v2\/types\/page"}],"author":[{"embeddable":true,"href":"https:\/\/www.walther-praezision.de\/en\/wp-json\/wp\/v2\/users\/3"}],"replies":[{"embeddable":true,"href":"https:\/\/www.walther-praezision.de\/en\/wp-json\/wp\/v2\/comments?post=2562"}],"version-history":[{"count":8,"href":"https:\/\/www.walther-praezision.de\/en\/wp-json\/wp\/v2\/pages\/2562\/revisions"}],"predecessor-version":[{"id":12722,"href":"https:\/\/www.walther-praezision.de\/en\/wp-json\/wp\/v2\/pages\/2562\/revisions\/12722"}],"wp:attachment":[{"href":"https:\/\/www.walther-praezision.de\/en\/wp-json\/wp\/v2\/media?parent=2562"}],"curies":[{"name":"wp","href":"https:\/\/api.w.org\/{rel}","templated":true}]}}