{"id":2554,"date":"2022-09-09T07:59:01","date_gmt":"2022-09-09T05:59:01","guid":{"rendered":"https:\/\/waltherwp.kunden.loewenstark.de\/datenschutzerklaerung\/"},"modified":"2025-05-26T08:04:34","modified_gmt":"2025-05-26T06:04:34","slug":"data-privacy","status":"publish","type":"page","link":"https:\/\/www.walther-praezision.de\/en\/data-privacy\/","title":{"rendered":"Data Privacy"},"content":{"rendered":"\r\n<div class=\"wp-block-columns is-layout-flex wp-container-core-columns-is-layout-19cb3dc4 wp-block-columns-is-layout-flex\" style=\"padding-top: 30px;\">\r\n<div class=\"wp-block-column is-layout-flow wp-block-column-is-layout-flow\">\r\n<p><strong>Data Privacy Statement<\/strong><\/p>\r\n\r\n\r\n\r\n<p>WALTHER-PR\u00c4ZISION welcomes you to this website and thanks you for your interest in the company. In order to allow you to feel good about the handling of your personal data, we will make it clear to you what is happening with the data we collect and which security measures we are taking. &#8220;Personal data&#8221; means all information which relates to you personally, such as your name, e-mail address and user behavior. You will also be notified of your rights, as defined by law, in connection with the processing of this data.<\/p>\r\n<\/div>\r\n<\/div>\r\n\r\n\r\n\r\n<div class=\"wp-block-columns is-layout-flex wp-container-core-columns-is-layout-9d6595d7 wp-block-columns-is-layout-flex\">\r\n<div class=\"wp-block-column is-layout-flow wp-block-column-is-layout-flow\">\r\n<p><strong>1. Controller and data protection officer<\/strong><\/p>\r\n\r\n\r\n\r\n<p>The &#8220;responsible person&#8221; for data processing within the meaning of Art. 13 GDPR is Carl Kurt Walther GmbH &amp; Co. KG, Westfalenstra\u00dfe 2, 42781 Haan, Germany, Tel.: +49 (0)2129 \/ 567-0, e-mail address: info(@)walther-praezision(dot)de. You can contact our data protection officer at the e-mail address\u00a0datenschutz(@)walther-praezision(dot)de.<\/p>\r\n<\/div>\r\n<\/div>\r\n\r\n\r\n\r\n<div class=\"wp-block-columns is-layout-flex wp-container-core-columns-is-layout-9d6595d7 wp-block-columns-is-layout-flex\">\r\n<div class=\"wp-block-column is-layout-flow wp-block-column-is-layout-flow\">\r\n<p><strong>2. Information about the Collection of Personal Data<\/strong><\/p>\r\n\r\n\r\n\r\n<p>When you contact us using our contact forms or by direct e-mail, the information you provide (such as your first and last name, company name, e-mail address and the content of your message) is transferred to and stored by us. This data is processed only as necessary in order to answer your questions or handle your matter. The legal basis for the processing of personal data is Article 6(1) Sentence 1 f of the GDPR. We have a legitimate interest in handling the matter arising from the contact and answering your questions. Contact is made on an expressly voluntary basis. Failure to provide the data has no consequences for you. We will store your personal data only as long as necessary for the intended purpose or in order to comply with statutory recordkeeping periods. We use outside service providers on the basis of Article 28 of the GDPR in order to support internal administrative and IT processes, e.g. for hosting, administration and maintenance of our IT systems. These service providers are carefully selected and engaged by us, are bound by our instructions and are routinely supervised. In addition, the transmitted information may be forwarded to the responsible offices and departments within our company in order to ensure that your matter is handled in an effective manner.<\/p>\r\n<\/div>\r\n<\/div>\r\n\r\n\r\n\r\n<div class=\"wp-block-columns is-layout-flex wp-container-core-columns-is-layout-9d6595d7 wp-block-columns-is-layout-flex\">\r\n<div class=\"wp-block-column is-layout-flow wp-block-column-is-layout-flow\">\r\n<p><strong>3. Cookies<\/strong><\/p>\r\n\r\n\r\n\r\n<p>&#8220;Cookies&#8221; are used on our website in isolated cases. Cookies are small text files which are placed on your computer and stored by your browser, provided the storage of cookies is activated in your browser. Cookies cannot be matched directly to specific people and do not contain personal data. Cookies cause no harm to your computer and do not contain viruses. Cookies are divided into two categories: &#8220;transient&#8221; and &#8220;persistent&#8221; cookies, which we will explain below. Transient cookies are automatically deleted when you close the browser. This category particularly includes session cookies. These cookies store a so-called &#8220;session ID,&#8221; which allows different queries from your browser to be matched to a single session. As a result, your computer will be recognized if you return to our website. Session cookies are deleted when you log out or close the browser. Persistent cookies are automatically deleted after a specified period, which may differ depending on the cookie. You can delete the cookies at any time by changing your browser&#8217;s security settings. The legal basis for the processing of cookies and the associated personal data is Article 6(1) Sentence 1 f of the GDPR (legitimate interest). This processing serves our legitimate interest in making our offerings more effective, more user-friendly and more secure. You can configure your browser settings any way you wish; for example, you can refuse to accept cookies, in whole or in part, if you do not want cookies to be stored on your computer. Cookies which are already stored on your computer can be deleted by changing your browser&#8217;s system settings. However, you should be aware that you may not be able to use all of the functions of this website if cookies are deactivated or deleted.<\/p>\r\n\r\n\r\n\r\n<p>Transiente Cookies werden automatisch gel\u00f6scht, wenn Sie den Browser schlie\u00dfen. Dazu z\u00e4hlen insbesondere die Session-Cookies. Diese speichern eine sogenannte Session-ID, mit welcher sich verschiedene Anfragen Ihres Browsers der gemeinsamen Sitzung zuordnen lassen. Dadurch kann Ihr Rechner wiedererkannt werden, wenn Sie auf unsere Website zur\u00fcckkehren. Die Session-Cookies werden gel\u00f6scht, wenn Sie sich ausloggen oder den Browser schlie\u00dfen.<\/p>\r\n<\/div>\r\n<\/div>\r\n<!-- \/wp:post-content -->\r\n\r\n<!-- wp:columns -->\r\n<div class=\"wp-block-columns\"><!-- wp:column -->\r\n<div class=\"wp-block-column\"><!-- wp:paragraph -->\r\n<p><strong>4. Use of Google Analytics<\/strong><\/p>\r\n<!-- \/wp:paragraph -->\r\n\r\n<!-- wp:paragraph -->\r\n<p>We use the collected data in order to analyze use of our website. The legal basis for the processing of personal data is Article 6(1) Sentence 1 f of the GDPR (legitimate interest). The information we obtain allows us to improve our offerings and structure them in a way which is more attractive for you, our users.<\/p>\r\n<!-- \/wp:paragraph -->\r\n\r\n<!-- wp:paragraph -->\r\n<p>For this purpose, this website uses Google Analytics, a web analysis service from Google LLC, 1600 Amphitheatre Parkway, Mountain View, CA 94043 USA (&#8220;Google&#8221;). Google Analytics uses &#8220;cookies,&#8221; text files which are stored in your computer and which allow us to analyze your use of the website. The information about your use of the website which is generated through the cookie is typically transferred to a Google server in the US and stored there. However, if IP anonymization is activated on this website, your IP address will first be anonymized within member states of the European Union or other contracting states of the Agreement on the European Economic Area. Only in exceptional cases will the full IP address be sent to a Google server in the US and anonymized there. Google will use this information at the behest of the operator of this website in order to analyze your use of the website, compile website activity reports and provide additional services associated with website and internet use for the website operator. For the exceptional cases in which personal data is transmitted to the US, Google has subjected itself to the EU-US Privacy Shield Framework\u00a0<a href=\"https:\/\/www.privacyshield.gov\/EU-US-Framework\" target=\"_blank\" rel=\"noreferrer noopener\">https:\/\/www.privacyshield.gov\/EU-US-Framework<\/a>.<\/p>\r\n<!-- \/wp:paragraph -->\r\n\r\n<!-- wp:paragraph -->\r\n<p>You can prevent the storage of Cookies by selecting the appropriate settings in your browser software; you should be aware, however, that in this case, you may be unable to use all functions of this website without restriction. You may also prevent Google from collecting the data generated by the Cookie relating to your use of the website (including your IP address) and from processing this data by downloading and installing the browser plug-in which is available through the following link (<a href=\"http:\/\/tools.google.com\/dlpage\/gaoptout?hl=de\" target=\"_blank\" rel=\"noreferrer noopener\">http:\/\/tools.google.com\/dlpage\/gaoptout?hl=de<\/a>)<\/p>\r\n<!-- \/wp:paragraph --><\/div>\r\n<!-- \/wp:column --><\/div>\r\n<!-- \/wp:columns -->\r\n\r\n<!-- wp:columns -->\r\n<div class=\"wp-block-columns\"><!-- wp:column -->\r\n<div class=\"wp-block-column\"><!-- wp:paragraph -->\r\n<p><strong><em>IP anonymization:<\/em><\/strong>\u00a0The code &#8220;gaTracker(\u2019set\u2018, \u201aanonymizeIp\u2018, true)&#8221; was added to Google Analytics on this website in order to implement the anonymized collection of IP addresses (&#8220;IP masking&#8221;). You can prevent the collection of data by Google Analytics by clicking the following link. This will place an opt-out cookie which will prevent your data from being collected during future visits to this website:\u00a0<a href=\"https:\/\/support.google.com\/analytics\/answer\/6004245?hl=de\" target=\"_blank\" rel=\"noreferrer noopener\">Google Analytics deaktivieren<\/a>.<\/p>\r\n<!-- \/wp:paragraph -->\r\n\r\n<!-- wp:paragraph -->\r\n<p><strong><em>Information about the third-party provider:<\/em><\/strong><\/p>\r\n<!-- \/wp:paragraph -->\r\n\r\n<!-- wp:paragraph -->\r\n<p>Terms of Service:\u00a0<a href=\"http:\/\/www.google.com\/analytics\/terms\/de.html\" target=\"_blank\" rel=\"noreferrer noopener\">http:\/\/www.google.com\/analytics\/terms\/de.html<\/a>, data privacy overview:\u00a0<a href=\"http:\/\/www.google.com\/intl\/de\/analytics\/learn\/privacy.html\" target=\"_blank\" rel=\"noreferrer noopener\">http:\/\/www.google.com\/intl\/de\/analytics\/learn\/privacy.html<\/a>, and the Google Privacy Policy:\u00a0<a href=\"https:\/\/policies.google.com\/privacy?hl=de\" target=\"_blank\" rel=\"noreferrer noopener\">https:\/\/policies.google.com\/privacy?hl=de<\/a>.<\/p>\r\n<!-- \/wp:paragraph --><\/div>\r\n<!-- \/wp:column --><\/div>\r\n<!-- \/wp:columns -->\r\n\r\n<!-- wp:columns -->\r\n<div class=\"wp-block-columns\"><!-- wp:column -->\r\n<div class=\"wp-block-column\"><!-- wp:paragraph -->\r\n<p><strong>5. Google Maps<\/strong><\/p>\r\n<!-- \/wp:paragraph -->\r\n\r\n<!-- wp:paragraph -->\r\n<p>We use the &#8220;Google Maps&#8221; component, from Google LLC, 1600 Amphitheatre Parkway, Mountain View, CA 94043, USA (&#8220;Google&#8221;), on our site as a service to our users. The legal basis for this processing is Article 6(1)f of the GDPR. The legitimate interests particularly include provision of the service for our users and the associated ability to provide information to our passengers and their friends and family members.<\/p>\r\n<!-- \/wp:paragraph -->\r\n\r\n<!-- wp:paragraph -->\r\n<p>Every time the &#8220;Google Maps&#8221; component is used, Google will place a cookie in order to process user settings and data when the site on which the &#8220;Google Maps&#8221; component is integrated is displayed. This cookie is typically not deleted when the browser is closed, but expires after a certain amount of time, unless you manually delete it beforehand.<\/p>\r\n<!-- \/wp:paragraph -->\r\n\r\n<!-- wp:paragraph -->\r\n<p>If you do not consent to this processing of tour data, you have the option of deactivating the &#8220;Google Maps&#8221; service, which would prevent the transmission of data to Google. To do so, you will have to deactivate the Java Script function in your browser. You should be aware, however, that if you do so, you will be unable to use &#8220;Google Maps,&#8221; or will be able to do so to only a limited extent.<\/p>\r\n<!-- \/wp:paragraph -->\r\n\r\n<!-- wp:paragraph -->\r\n<p>Google has subjected itself to the EU-US Privacy Shield\u00a0<a href=\"https:\/\/www.privacyshield.gov\/EU-US-Framework\" target=\"_blank\" rel=\"noreferrer noopener\">https:\/\/www.privacyshield.gov\/EU-US-Framework<\/a>. Use of &#8220;Google Maps&#8221; and information obtained through &#8220;Google Maps&#8221; is subject to the Google Terms of Service\u00a0\u00a0\u00a0\u00a0\u00a0\u00a0\u00a0<br \/><a href=\"http:\/\/www.google.de\/intl\/de\/policies\/terms\/regional.html\" target=\"_blank\" rel=\"noreferrer noopener\">http:\/\/www.google.de\/intl\/de\/policies\/terms\/regional.html<\/a>,\u00a0\u00a0\u00a0\u00a0\u00a0\u00a0\u00a0\u00a0<br \/>and the Additional Terms of Service for &#8220;Google Maps&#8221;\u00a0\u00a0\u00a0\u00a0\u00a0\u00a0<br \/><a href=\"https:\/\/www.google.com\/intl\/de_de\/help\/terms_maps.html\" target=\"_blank\" rel=\"noreferrer noopener\">https:\/\/www.google.com\/intl\/de_de\/help\/terms_maps.html<\/a>.<\/p>\r\n<!-- \/wp:paragraph --><\/div>\r\n<!-- \/wp:column --><\/div>\r\n<!-- \/wp:columns -->\r\n\r\n<!-- wp:columns -->\r\n<div class=\"wp-block-columns\"><!-- wp:column -->\r\n<div class=\"wp-block-column\"><!-- wp:paragraph -->\r\n<p><strong>6. Contact forms<\/strong><br \/>Your data, which you enter via the &#8220;Contact&#8221; form, the &#8220;Request for quotation&#8221; form and the &#8220;Request for CAD data&#8221; form, will only be processed for the purpose of being able to answer your request. If you are in contact with us as a business customer, these are recorded in our CRM system. We process the data for as long as it serves the purpose. Data processing is based on Art. 6 para. 1 sent. 1a GDPR. Your data will not be passed on to third parties.<\/p>\r\n<!-- \/wp:paragraph --><\/div>\r\n<!-- \/wp:column --><\/div>\r\n<!-- \/wp:columns -->\r\n\r\n<!-- wp:columns -->\r\n<div class=\"wp-block-columns\"><!-- wp:column -->\r\n<div class=\"wp-block-column\"><!-- wp:paragraph -->\r\n<p><strong>7. Your rights<\/strong><br \/>You have the right to obtain information relating to the processing of personal data concerning you and the information specified in Art. 15 GDPR. If the personal data in question is incorrect or incomplete, you may request that it is corrected or completed in full (Art. 16 GDPR). If one of the reasons listed in Art. 17 GDPR applies; you have the right to demand the immediate deletion of your personal data. Under the conditions set out in Art. 18 GDPR, you can demand the restriction of processing and, in accordance with Art. 20 GDPR, the transferability of data.<\/p>\r\n<!-- \/wp:paragraph -->\r\n\r\n<!-- wp:paragraph -->\r\n<p>Under the conditions of Art. 21 GDPR, you have the right to object to the processing of your personal data. If you believe that the processing of your personal data violates the provisions of the GDPR, you may lodge a complaint with a supervisory authority, e.g. with the State Commissioner for Data Protection and Freedom of Information, D\u00fcsseldorf, as the supervisory authority responsible for us (Art. 77 GDPR).<\/p>\r\n<!-- \/wp:paragraph --><!-- \/wp:column --><\/div>\r\n<!-- \/wp:columns --><\/div>\r\n<!-- \/wp:columns -->\r\n\r\n<!-- wp:columns -->\r\n<div class=\"wp-block-columns\"><!-- wp:column -->\r\n<div class=\"wp-block-column\"><!-- wp:paragraph -->\r\n<p><strong>8. Security<\/strong><br \/>We have taken appropriate technical and organisational measures in order to protect the personal data stored with us from accidental or deliberate manipulation, loss, destruction or access by unauthorised persons. The appropriateness of the protective measures is continuously reviewed and adapted to new security standards.<\/p>\r\n<!-- \/wp:paragraph --><\/div>\r\n<!-- \/wp:column --><\/div>\r\n<!-- \/wp:columns -->","protected":false},"excerpt":{"rendered":"<p>Data Privacy Statement WALTHER-PR\u00c4ZISION welcomes you to this website and thanks you for your interest in the company. In order to allow you to feel good about the handling of your personal data, we will make it clear to you what is happening with the data we collect and which security measures we are taking.&hellip; <a class=\"more-link\" href=\"https:\/\/www.walther-praezision.de\/en\/data-privacy\/\">Continue reading <span class=\"screen-reader-text\">Data Privacy<\/span><\/a><\/p>\n","protected":false},"author":1,"featured_media":0,"parent":0,"menu_order":34,"comment_status":"closed","ping_status":"closed","template":"","meta":{"_acf_changed":false,"inline_featured_image":false,"footnotes":""},"class_list":["post-2554","page","type-page","status-publish","hentry","entry"],"acf":[],"yoast_head":"<!-- This site is optimized with the Yoast SEO plugin v27.3 - https:\/\/yoast.com\/product\/yoast-seo-wordpress\/ -->\n<title>Data Privacy - Walther-Pr\u00e4zision<\/title>\n<meta name=\"robots\" content=\"index, follow, max-snippet:-1, max-image-preview:large, max-video-preview:-1\" \/>\n<link rel=\"canonical\" href=\"https:\/\/www.walther-praezision.de\/en\/data-privacy\/\" \/>\n<meta property=\"og:locale\" content=\"en_US\" \/>\n<meta property=\"og:type\" content=\"article\" \/>\n<meta property=\"og:title\" content=\"Data Privacy - Walther-Pr\u00e4zision\" \/>\n<meta property=\"og:description\" content=\"Data Privacy Statement WALTHER-PR\u00c4ZISION welcomes you to this website and thanks you for your interest in the company. In order to allow you to feel good about the handling of your personal data, we will make it clear to you what is happening with the data we collect and which security measures we are taking.&hellip; Continue reading Data Privacy\" \/>\n<meta property=\"og:url\" content=\"https:\/\/www.walther-praezision.de\/en\/data-privacy\/\" \/>\n<meta property=\"og:site_name\" content=\"Walther-Pr\u00e4zision\" \/>\n<meta property=\"article:publisher\" content=\"https:\/\/www.facebook.com\/WalCoDo\/\" \/>\n<meta property=\"article:modified_time\" content=\"2025-05-26T06:04:34+00:00\" \/>\n<meta name=\"twitter:card\" content=\"summary_large_image\" \/>\n<meta name=\"twitter:label1\" content=\"Est. reading time\" \/>\n\t<meta name=\"twitter:data1\" content=\"10 minutes\" \/>\n<script type=\"application\/ld+json\" class=\"yoast-schema-graph\">{\"@context\":\"https:\\\/\\\/schema.org\",\"@graph\":[{\"@type\":\"WebPage\",\"@id\":\"https:\\\/\\\/www.walther-praezision.de\\\/en\\\/data-privacy\\\/\",\"url\":\"https:\\\/\\\/www.walther-praezision.de\\\/en\\\/data-privacy\\\/\",\"name\":\"Data Privacy - Walther-Pr\u00e4zision\",\"isPartOf\":{\"@id\":\"https:\\\/\\\/www.walther-praezision.de\\\/#website\"},\"datePublished\":\"2022-09-09T05:59:01+00:00\",\"dateModified\":\"2025-05-26T06:04:34+00:00\",\"breadcrumb\":{\"@id\":\"https:\\\/\\\/www.walther-praezision.de\\\/en\\\/data-privacy\\\/#breadcrumb\"},\"inLanguage\":\"en-EN\",\"potentialAction\":[{\"@type\":\"ReadAction\",\"target\":[\"https:\\\/\\\/www.walther-praezision.de\\\/en\\\/data-privacy\\\/\"]}]},{\"@type\":\"BreadcrumbList\",\"@id\":\"https:\\\/\\\/www.walther-praezision.de\\\/en\\\/data-privacy\\\/#breadcrumb\",\"itemListElement\":[{\"@type\":\"ListItem\",\"position\":1,\"name\":\"Startseite\",\"item\":\"https:\\\/\\\/www.walther-praezision.de\\\/en\\\/\"},{\"@type\":\"ListItem\",\"position\":2,\"name\":\"Data Privacy\"}]},{\"@type\":\"WebSite\",\"@id\":\"https:\\\/\\\/www.walther-praezision.de\\\/#website\",\"url\":\"https:\\\/\\\/www.walther-praezision.de\\\/\",\"name\":\"WALTHER-PR\u00c4ZISION\",\"description\":\"\",\"publisher\":{\"@id\":\"https:\\\/\\\/www.walther-praezision.de\\\/#organization\"},\"potentialAction\":[{\"@type\":\"SearchAction\",\"target\":{\"@type\":\"EntryPoint\",\"urlTemplate\":\"https:\\\/\\\/www.walther-praezision.de\\\/?s={search_term_string}\"},\"query-input\":{\"@type\":\"PropertyValueSpecification\",\"valueRequired\":true,\"valueName\":\"search_term_string\"}}],\"inLanguage\":\"en-EN\"},{\"@type\":\"Organization\",\"@id\":\"https:\\\/\\\/www.walther-praezision.de\\\/#organization\",\"name\":\"WALTHER-PR\u00c4ZISION\",\"url\":\"https:\\\/\\\/www.walther-praezision.de\\\/\",\"logo\":{\"@type\":\"ImageObject\",\"inLanguage\":\"en-EN\",\"@id\":\"https:\\\/\\\/www.walther-praezision.de\\\/#\\\/schema\\\/logo\\\/image\\\/\",\"url\":\"https:\\\/\\\/www.walther-praezision.de\\\/wp-content\\\/uploads\\\/2022\\\/09\\\/Site-logo.svg\",\"contentUrl\":\"https:\\\/\\\/www.walther-praezision.de\\\/wp-content\\\/uploads\\\/2022\\\/09\\\/Site-logo.svg\",\"width\":135,\"height\":80,\"caption\":\"WALTHER-PR\u00c4ZISION\"},\"image\":{\"@id\":\"https:\\\/\\\/www.walther-praezision.de\\\/#\\\/schema\\\/logo\\\/image\\\/\"},\"sameAs\":[\"https:\\\/\\\/www.facebook.com\\\/WalCoDo\\\/\",\"https:\\\/\\\/www.linkedin.com\\\/company\\\/waltherpraezision\\\/mycompany\\\/\",\"https:\\\/\\\/www.xing.com\\\/pages\\\/waltherprazision\",\"https:\\\/\\\/www.youtube.com\\\/channel\\\/UC7PHedLQBogCPNDwd4k0Xnw\\\/videos\"]}]}<\/script>\n<!-- \/ Yoast SEO plugin. -->","yoast_head_json":{"title":"Data Privacy - Walther-Pr\u00e4zision","robots":{"index":"index","follow":"follow","max-snippet":"max-snippet:-1","max-image-preview":"max-image-preview:large","max-video-preview":"max-video-preview:-1"},"canonical":"https:\/\/www.walther-praezision.de\/en\/data-privacy\/","og_locale":"en_US","og_type":"article","og_title":"Data Privacy - Walther-Pr\u00e4zision","og_description":"Data Privacy Statement WALTHER-PR\u00c4ZISION welcomes you to this website and thanks you for your interest in the company. In order to allow you to feel good about the handling of your personal data, we will make it clear to you what is happening with the data we collect and which security measures we are taking.&hellip; Continue reading Data Privacy","og_url":"https:\/\/www.walther-praezision.de\/en\/data-privacy\/","og_site_name":"Walther-Pr\u00e4zision","article_publisher":"https:\/\/www.facebook.com\/WalCoDo\/","article_modified_time":"2025-05-26T06:04:34+00:00","twitter_card":"summary_large_image","twitter_misc":{"Est. reading time":"10 minutes"},"schema":{"@context":"https:\/\/schema.org","@graph":[{"@type":"WebPage","@id":"https:\/\/www.walther-praezision.de\/en\/data-privacy\/","url":"https:\/\/www.walther-praezision.de\/en\/data-privacy\/","name":"Data Privacy - Walther-Pr\u00e4zision","isPartOf":{"@id":"https:\/\/www.walther-praezision.de\/#website"},"datePublished":"2022-09-09T05:59:01+00:00","dateModified":"2025-05-26T06:04:34+00:00","breadcrumb":{"@id":"https:\/\/www.walther-praezision.de\/en\/data-privacy\/#breadcrumb"},"inLanguage":"en-EN","potentialAction":[{"@type":"ReadAction","target":["https:\/\/www.walther-praezision.de\/en\/data-privacy\/"]}]},{"@type":"BreadcrumbList","@id":"https:\/\/www.walther-praezision.de\/en\/data-privacy\/#breadcrumb","itemListElement":[{"@type":"ListItem","position":1,"name":"Startseite","item":"https:\/\/www.walther-praezision.de\/en\/"},{"@type":"ListItem","position":2,"name":"Data Privacy"}]},{"@type":"WebSite","@id":"https:\/\/www.walther-praezision.de\/#website","url":"https:\/\/www.walther-praezision.de\/","name":"WALTHER-PR\u00c4ZISION","description":"","publisher":{"@id":"https:\/\/www.walther-praezision.de\/#organization"},"potentialAction":[{"@type":"SearchAction","target":{"@type":"EntryPoint","urlTemplate":"https:\/\/www.walther-praezision.de\/?s={search_term_string}"},"query-input":{"@type":"PropertyValueSpecification","valueRequired":true,"valueName":"search_term_string"}}],"inLanguage":"en-EN"},{"@type":"Organization","@id":"https:\/\/www.walther-praezision.de\/#organization","name":"WALTHER-PR\u00c4ZISION","url":"https:\/\/www.walther-praezision.de\/","logo":{"@type":"ImageObject","inLanguage":"en-EN","@id":"https:\/\/www.walther-praezision.de\/#\/schema\/logo\/image\/","url":"https:\/\/www.walther-praezision.de\/wp-content\/uploads\/2022\/09\/Site-logo.svg","contentUrl":"https:\/\/www.walther-praezision.de\/wp-content\/uploads\/2022\/09\/Site-logo.svg","width":135,"height":80,"caption":"WALTHER-PR\u00c4ZISION"},"image":{"@id":"https:\/\/www.walther-praezision.de\/#\/schema\/logo\/image\/"},"sameAs":["https:\/\/www.facebook.com\/WalCoDo\/","https:\/\/www.linkedin.com\/company\/waltherpraezision\/mycompany\/","https:\/\/www.xing.com\/pages\/waltherprazision","https:\/\/www.youtube.com\/channel\/UC7PHedLQBogCPNDwd4k0Xnw\/videos"]}]}},"_links":{"self":[{"href":"https:\/\/www.walther-praezision.de\/en\/wp-json\/wp\/v2\/pages\/2554","targetHints":{"allow":["GET"]}}],"collection":[{"href":"https:\/\/www.walther-praezision.de\/en\/wp-json\/wp\/v2\/pages"}],"about":[{"href":"https:\/\/www.walther-praezision.de\/en\/wp-json\/wp\/v2\/types\/page"}],"author":[{"embeddable":true,"href":"https:\/\/www.walther-praezision.de\/en\/wp-json\/wp\/v2\/users\/1"}],"replies":[{"embeddable":true,"href":"https:\/\/www.walther-praezision.de\/en\/wp-json\/wp\/v2\/comments?post=2554"}],"version-history":[{"count":4,"href":"https:\/\/www.walther-praezision.de\/en\/wp-json\/wp\/v2\/pages\/2554\/revisions"}],"predecessor-version":[{"id":12736,"href":"https:\/\/www.walther-praezision.de\/en\/wp-json\/wp\/v2\/pages\/2554\/revisions\/12736"}],"wp:attachment":[{"href":"https:\/\/www.walther-praezision.de\/en\/wp-json\/wp\/v2\/media?parent=2554"}],"curies":[{"name":"wp","href":"https:\/\/api.w.org\/{rel}","templated":true}]}}